{"id":1114,"date":"2015-12-07T21:08:05","date_gmt":"2015-12-07T21:08:05","guid":{"rendered":"http:\/\/espiritudelecuador.com.ec\/web\/?page_id=1114"},"modified":"2022-11-04T22:51:58","modified_gmt":"2022-11-04T22:51:58","slug":"espiritu-cafe-y-frutos-rojos","status":"publish","type":"page","link":"https:\/\/espiritudelecuador.com.ec\/web\/cocktails-espiritu-del-ecuador-cafe\/espiritu-cafe-y-frutos-rojos\/","title":{"rendered":"Esp\u00edritu Caf\u00e9 y frutos rojos"},"content":{"rendered":"<h3><strong><img loading=\"lazy\" decoding=\"async\" class=\"alignleft wp-image-1083\" src=\"https:\/\/espiritudelecuador.com.ec\/web\/wp-content\/uploads\/2015\/12\/DSC1751.jpg\" alt=\"\" width=\"500\" height=\"500\" srcset=\"https:\/\/espiritudelecuador.com.ec\/web\/wp-content\/uploads\/2015\/12\/DSC1751.jpg 600w, https:\/\/espiritudelecuador.com.ec\/web\/wp-content\/uploads\/2015\/12\/DSC1751-150x150.jpg 150w, https:\/\/espiritudelecuador.com.ec\/web\/wp-content\/uploads\/2015\/12\/DSC1751-300x300.jpg 300w\" sizes=\"(max-width:767px) 480px, 500px\" \/><\/strong><\/h3>\n<p style=\"text-align: right;\"><a href=\"https:\/\/espiritudelecuador.com.ec\/web\/?p=1095\"><span style=\"font-family: arial, helvetica, sans-serif; font-size: 6pt;\"><span style=\"color: #808080;\"><span style=\"color: #be8b2c;\">\u25c4 <\/span><span style=\"color: #808080;\">Cocktails Esp\u00edritu del Ecuador Caf\u00e9<\/span><\/span><\/span><\/a><\/p>\n<h1><span style=\"color: #000000;\">esp\u00edritu del ecuador<\/span><\/h1>\n<h3><\/h3>\n<h3>ESP\u00cdRITU CAF\u00c9 Y FRUTOS ROJOS<\/h3>\n<p>\u2022 1 onz. Pisco<br \/>\n\u2022 1.5 onz. Crema Esp\u00edritu del Ecuador Caf\u00e9<br \/>\n\u2022 Fresas (pure)<\/p>\n<p>Preparar en coctelera, colar y servir en una copa de cocktail. Adornar con media fresa<\/p>\n","protected":false},"excerpt":{"rendered":"<p>\u25c4 Cocktails Esp\u00edritu del Ecuador Caf\u00e9 esp\u00edritu del ecuador ESP\u00cdRITU CAF\u00c9 Y FRUTOS ROJOS \u2022 1 onz. Pisco \u2022 1.5 onz. Crema Esp\u00edritu del Ecuador Caf\u00e9<span class=\"excerpt-hellip\"> [\u2026]<\/span><\/p>\n","protected":false},"author":1,"featured_media":0,"parent":1095,"menu_order":0,"comment_status":"closed","ping_status":"closed","template":"","meta":{"footnotes":""},"class_list":["post-1114","page","type-page","status-publish","hentry"],"_links":{"self":[{"href":"https:\/\/espiritudelecuador.com.ec\/web\/wp-json\/wp\/v2\/pages\/1114"}],"collection":[{"href":"https:\/\/espiritudelecuador.com.ec\/web\/wp-json\/wp\/v2\/pages"}],"about":[{"href":"https:\/\/espiritudelecuador.com.ec\/web\/wp-json\/wp\/v2\/types\/page"}],"author":[{"embeddable":true,"href":"https:\/\/espiritudelecuador.com.ec\/web\/wp-json\/wp\/v2\/users\/1"}],"replies":[{"embeddable":true,"href":"https:\/\/espiritudelecuador.com.ec\/web\/wp-json\/wp\/v2\/comments?post=1114"}],"version-history":[{"count":7,"href":"https:\/\/espiritudelecuador.com.ec\/web\/wp-json\/wp\/v2\/pages\/1114\/revisions"}],"predecessor-version":[{"id":2133,"href":"https:\/\/espiritudelecuador.com.ec\/web\/wp-json\/wp\/v2\/pages\/1114\/revisions\/2133"}],"up":[{"embeddable":true,"href":"https:\/\/espiritudelecuador.com.ec\/web\/wp-json\/wp\/v2\/pages\/1095"}],"wp:attachment":[{"href":"https:\/\/espiritudelecuador.com.ec\/web\/wp-json\/wp\/v2\/media?parent=1114"}],"curies":[{"name":"wp","href":"https:\/\/api.w.org\/{rel}","templated":true}]}}