{"id":1245,"date":"2016-12-05T17:23:38","date_gmt":"2016-12-05T17:23:38","guid":{"rendered":"http:\/\/espiritudelecuador.com.ec\/web\/?page_id=1245"},"modified":"2022-03-27T01:55:38","modified_gmt":"2022-03-27T01:55:38","slug":"cocktails-espiritu-del-ecuador-crema-de-whisky","status":"publish","type":"page","link":"https:\/\/espiritudelecuador.com.ec\/web\/cocktails-espiritu-del-ecuador-crema-de-whisky\/","title":{"rendered":"Cocteles Espiritu Salvaje Whisky"},"content":{"rendered":"<h3><\/h3>\n<h3>COCTELES ESPIRITU SALVAJE WHISKY<\/h3>\n<p>&nbsp;<\/p>\n<table class=\" alignright\" style=\"height: 650px;\" width=\"1000\">\n<tbody>\n<tr>\n<td><a title=\"Espiritu Wild-Eyed-Rose\" href=\" https:\/\/espiritudelecuador.com.ec\/web\/cocktails-espiritu-del-ecuador-crema-de-whisky\/crema-de-whisky-salvaje-y-cafe\/\"><img loading=\"lazy\" decoding=\"async\" class=\"aligncenter wp-image-1233 size-thumbnail\" src=\"https:\/\/espiritudelecuador.com.ec\/web\/wp-content\/uploads\/2016\/12\/MG_8841-ALTA-150x150.jpg\" alt=\"\" width=\"150\" height=\"150\" srcset=\"https:\/\/espiritudelecuador.com.ec\/web\/wp-content\/uploads\/2016\/12\/MG_8841-ALTA-150x150.jpg 150w, https:\/\/espiritudelecuador.com.ec\/web\/wp-content\/uploads\/2016\/12\/MG_8841-ALTA-300x300.jpg 300w, https:\/\/espiritudelecuador.com.ec\/web\/wp-content\/uploads\/2016\/12\/MG_8841-ALTA-768x768.jpg 768w, https:\/\/espiritudelecuador.com.ec\/web\/wp-content\/uploads\/2016\/12\/MG_8841-ALTA-1024x1024.jpg 1024w\" sizes=\"(max-width:767px) 150px, 150px\" \/><\/a><\/p>\n<p style=\"text-align: center;\">LONG DRINK DE CREMA DE WHISKY SALVAJE Y CAF\u00c9<\/p>\n<\/td>\n<td><a title=\"Espiritu Shamrock\" href=\"https:\/\/espiritudelecuador.com.ec\/web\/cocktails-espiritu-del-ecuador-crema-de-whisky\/espiritu-martini-oscuro-salvaje\/\"><img loading=\"lazy\" decoding=\"async\" class=\"aligncenter wp-image-1234 size-thumbnail\" src=\"https:\/\/espiritudelecuador.com.ec\/web\/wp-content\/uploads\/2016\/12\/MG_8853-ALTA-150x150.jpg\" alt=\"\" width=\"150\" height=\"150\" srcset=\"https:\/\/espiritudelecuador.com.ec\/web\/wp-content\/uploads\/2016\/12\/MG_8853-ALTA-150x150.jpg 150w, https:\/\/espiritudelecuador.com.ec\/web\/wp-content\/uploads\/2016\/12\/MG_8853-ALTA-300x300.jpg 300w, https:\/\/espiritudelecuador.com.ec\/web\/wp-content\/uploads\/2016\/12\/MG_8853-ALTA-768x768.jpg 768w, https:\/\/espiritudelecuador.com.ec\/web\/wp-content\/uploads\/2016\/12\/MG_8853-ALTA-1024x1024.jpg 1024w\" sizes=\"(max-width:767px) 150px, 150px\" \/><\/a><\/p>\n<p style=\"text-align: center;\">ESP\u00cdRITU MARTINI OSCURO SALVAJE<\/p>\n<\/td>\n<td><a title=\"Espiritu Southern Ginger\" href=\"https:\/\/espiritudelecuador.com.ec\/web\/cocktails-espiritu-del-ecuador-crema-de-whisky\/espiritu-salvaje-mentiras-de-cereza\/\"><img loading=\"lazy\" decoding=\"async\" class=\"aligncenter wp-image-1235 size-thumbnail\" src=\"https:\/\/espiritudelecuador.com.ec\/web\/wp-content\/uploads\/2016\/12\/MG_8865-ALTA-150x150.jpg\" alt=\"\" width=\"150\" height=\"150\" srcset=\"https:\/\/espiritudelecuador.com.ec\/web\/wp-content\/uploads\/2016\/12\/MG_8865-ALTA-150x150.jpg 150w, https:\/\/espiritudelecuador.com.ec\/web\/wp-content\/uploads\/2016\/12\/MG_8865-ALTA-300x300.jpg 300w, https:\/\/espiritudelecuador.com.ec\/web\/wp-content\/uploads\/2016\/12\/MG_8865-ALTA-768x768.jpg 768w, https:\/\/espiritudelecuador.com.ec\/web\/wp-content\/uploads\/2016\/12\/MG_8865-ALTA-1024x1024.jpg 1024w\" sizes=\"(max-width:767px) 150px, 150px\" \/><\/a><\/p>\n<p style=\"text-align: center;\">ESP\u00cdRITU SALVAJE MENTIRAS DE CEREZA<\/p>\n<\/td>\n<td><a title=\"Espiritu Scotch Holiday\" href=\"https:\/\/espiritudelecuador.com.ec\/web\/cocktails-espiritu-del-ecuador-crema-de-whisky\/espiritu-martini-blanco-salvaje\/\"><img loading=\"lazy\" decoding=\"async\" class=\"aligncenter wp-image-1243 size-thumbnail\" src=\"https:\/\/espiritudelecuador.com.ec\/web\/wp-content\/uploads\/2016\/12\/MG_9280-ALTA-150x150.jpg\" alt=\"\" width=\"150\" height=\"150\" srcset=\"https:\/\/espiritudelecuador.com.ec\/web\/wp-content\/uploads\/2016\/12\/MG_9280-ALTA-150x150.jpg 150w, https:\/\/espiritudelecuador.com.ec\/web\/wp-content\/uploads\/2016\/12\/MG_9280-ALTA-300x300.jpg 300w, https:\/\/espiritudelecuador.com.ec\/web\/wp-content\/uploads\/2016\/12\/MG_9280-ALTA-768x768.jpg 768w, https:\/\/espiritudelecuador.com.ec\/web\/wp-content\/uploads\/2016\/12\/MG_9280-ALTA-1024x1024.jpg 1024w\" sizes=\"(max-width:767px) 150px, 150px\" \/><\/a><\/p>\n<p style=\"text-align: center;\">ESP\u00cdRITU MARTINI BLANCO SALVAJE<\/p>\n<\/td>\n<\/tr>\n<tr>\n<td><a title=\"Espiritu Robin\" href=\"https:\/\/espiritudelecuador.com.ec\/web\/cocktails-espiritu-del-ecuador-crema-de-whisky\/espiritu-corazon-salvaje\/\"><img loading=\"lazy\" decoding=\"async\" class=\"aligncenter wp-image-1236 size-thumbnail\" src=\"https:\/\/espiritudelecuador.com.ec\/web\/wp-content\/uploads\/2016\/12\/MG_8870-ALTA-150x150.jpg\" alt=\"\" width=\"150\" height=\"150\" srcset=\"https:\/\/espiritudelecuador.com.ec\/web\/wp-content\/uploads\/2016\/12\/MG_8870-ALTA-150x150.jpg 150w, https:\/\/espiritudelecuador.com.ec\/web\/wp-content\/uploads\/2016\/12\/MG_8870-ALTA-300x300.jpg 300w, https:\/\/espiritudelecuador.com.ec\/web\/wp-content\/uploads\/2016\/12\/MG_8870-ALTA-768x768.jpg 768w, https:\/\/espiritudelecuador.com.ec\/web\/wp-content\/uploads\/2016\/12\/MG_8870-ALTA-1024x1024.jpg 1024w\" sizes=\"(max-width:767px) 150px, 150px\" \/><\/a><\/p>\n<p style=\"text-align: center;\">ESP\u00cdRITU CORAZ\u00d3N SALVAJE<\/p>\n<\/td>\n<td><a title=\"Esp\u00edritu Robert Burns\" href=\"https:\/\/espiritudelecuador.com.ec\/web\/cocktails-espiritu-del-ecuador-crema-de-whisky\/espiritu-esencial-salvaje\/\"><img loading=\"lazy\" decoding=\"async\" class=\"aligncenter wp-image-1237 size-thumbnail\" src=\"https:\/\/espiritudelecuador.com.ec\/web\/wp-content\/uploads\/2016\/12\/MG_8885-ALTA-150x150.jpg\" alt=\"\" width=\"150\" height=\"150\" srcset=\"https:\/\/espiritudelecuador.com.ec\/web\/wp-content\/uploads\/2016\/12\/MG_8885-ALTA-150x150.jpg 150w, https:\/\/espiritudelecuador.com.ec\/web\/wp-content\/uploads\/2016\/12\/MG_8885-ALTA-300x300.jpg 300w, https:\/\/espiritudelecuador.com.ec\/web\/wp-content\/uploads\/2016\/12\/MG_8885-ALTA-768x768.jpg 768w, https:\/\/espiritudelecuador.com.ec\/web\/wp-content\/uploads\/2016\/12\/MG_8885-ALTA-1024x1024.jpg 1024w\" sizes=\"(max-width:767px) 150px, 150px\" \/><\/a><\/p>\n<p style=\"text-align: center;\">ESP\u00cdRITU ESENCIAL SALVAJE<\/p>\n<\/td>\n<td><a title=\"Espiritu Preakness\" href=\"https:\/\/espiritudelecuador.com.ec\/web\/cocktails-espiritu-del-ecuador-crema-de-whisky\/espiritu-te-cremoso-salvaje\/\"><img loading=\"lazy\" decoding=\"async\" class=\"aligncenter wp-image-1238 size-thumbnail\" src=\"https:\/\/espiritudelecuador.com.ec\/web\/wp-content\/uploads\/2016\/12\/MG_8896-ALTA-150x150.jpg\" alt=\"\" width=\"150\" height=\"150\" srcset=\"https:\/\/espiritudelecuador.com.ec\/web\/wp-content\/uploads\/2016\/12\/MG_8896-ALTA-150x150.jpg 150w, https:\/\/espiritudelecuador.com.ec\/web\/wp-content\/uploads\/2016\/12\/MG_8896-ALTA-300x300.jpg 300w, https:\/\/espiritudelecuador.com.ec\/web\/wp-content\/uploads\/2016\/12\/MG_8896-ALTA-768x768.jpg 768w, https:\/\/espiritudelecuador.com.ec\/web\/wp-content\/uploads\/2016\/12\/MG_8896-ALTA-1024x1024.jpg 1024w\" sizes=\"(max-width:767px) 150px, 150px\" \/><\/a><\/p>\n<p style=\"text-align: center;\">ESP\u00cdRITU TE CREMOSO SALVAJE<\/p>\n<\/td>\n<td><a href=\"https:\/\/espiritudelecuador.com.ec\/web\/cocktails-espiritu-del-ecuador-crema-de-whisky\/espiritu-cielo-salvaje\/\"><img loading=\"lazy\" decoding=\"async\" class=\"aligncenter wp-image-1240 size-thumbnail\" src=\"https:\/\/espiritudelecuador.com.ec\/web\/wp-content\/uploads\/2016\/12\/MG_8911-ALTA-150x150.jpg\" alt=\"\" width=\"150\" height=\"150\" srcset=\"https:\/\/espiritudelecuador.com.ec\/web\/wp-content\/uploads\/2016\/12\/MG_8911-ALTA-150x150.jpg 150w, https:\/\/espiritudelecuador.com.ec\/web\/wp-content\/uploads\/2016\/12\/MG_8911-ALTA-300x300.jpg 300w, https:\/\/espiritudelecuador.com.ec\/web\/wp-content\/uploads\/2016\/12\/MG_8911-ALTA-768x768.jpg 768w, https:\/\/espiritudelecuador.com.ec\/web\/wp-content\/uploads\/2016\/12\/MG_8911-ALTA-1024x1024.jpg 1024w\" sizes=\"(max-width:767px) 150px, 150px\" \/><\/a><\/p>\n<p style=\"text-align: center;\">ESP\u00cdRITU CIELO SALVAJE<\/p>\n<\/td>\n<\/tr>\n<tr>\n<td><a href=\"https:\/\/espiritudelecuador.com.ec\/web\/cocktails-espiritu-del-ecuador-crema-de-whisky\/espiritu-salta-montes-salvaje\/\"><img loading=\"lazy\" decoding=\"async\" class=\"aligncenter wp-image-1239 size-thumbnail\" src=\"https:\/\/espiritudelecuador.com.ec\/web\/wp-content\/uploads\/2016\/12\/MG_8906-ALTA-150x150.jpg\" alt=\"\" width=\"150\" height=\"150\" srcset=\"https:\/\/espiritudelecuador.com.ec\/web\/wp-content\/uploads\/2016\/12\/MG_8906-ALTA-150x150.jpg 150w, https:\/\/espiritudelecuador.com.ec\/web\/wp-content\/uploads\/2016\/12\/MG_8906-ALTA-300x300.jpg 300w, https:\/\/espiritudelecuador.com.ec\/web\/wp-content\/uploads\/2016\/12\/MG_8906-ALTA-768x768.jpg 768w, https:\/\/espiritudelecuador.com.ec\/web\/wp-content\/uploads\/2016\/12\/MG_8906-ALTA-1024x1024.jpg 1024w\" sizes=\"(max-width:767px) 150px, 150px\" \/><\/a><\/p>\n<p style=\"text-align: center;\">ESP\u00cdRITU SALTA MONTES SALVAJE<\/p>\n<\/td>\n<td><a title=\"Esp\u00edritu Irish Cheer\" href=\"https:\/\/espiritudelecuador.com.ec\/web\/cocktails-espiritu-del-ecuador-crema-de-whisky\/espiritu-pousse-cafe-salvaje\/\"><img loading=\"lazy\" decoding=\"async\" class=\"aligncenter wp-image-1241 size-thumbnail\" src=\"https:\/\/espiritudelecuador.com.ec\/web\/wp-content\/uploads\/2016\/12\/MG_8934-ALTA-150x150.jpg\" alt=\"\" width=\"150\" height=\"150\" srcset=\"https:\/\/espiritudelecuador.com.ec\/web\/wp-content\/uploads\/2016\/12\/MG_8934-ALTA-150x150.jpg 150w, https:\/\/espiritudelecuador.com.ec\/web\/wp-content\/uploads\/2016\/12\/MG_8934-ALTA-300x300.jpg 300w, https:\/\/espiritudelecuador.com.ec\/web\/wp-content\/uploads\/2016\/12\/MG_8934-ALTA-768x768.jpg 768w, https:\/\/espiritudelecuador.com.ec\/web\/wp-content\/uploads\/2016\/12\/MG_8934-ALTA-1024x1024.jpg 1024w\" sizes=\"(max-width:767px) 150px, 150px\" \/><\/a><\/p>\n<p style=\"text-align: center;\">ESP\u00cdRITU POUSSE CAF\u00c9 SALVAJE<\/p>\n<\/td>\n<td><a title=\"Esp\u00edritu Polinesian Collins\" href=\"https:\/\/espiritudelecuador.com.ec\/web\/cocktails-espiritu-del-ecuador-crema-de-whisky\/espiritu-salta-montes-salvaje\/\"><br \/>\n<\/a><\/p>\n<p style=\"text-align: center;\">\n<\/td>\n<td>&nbsp;<\/p>\n<p style=\"text-align: center;\">\n<\/td>\n<\/tr>\n<tr>\n<td><\/td>\n<td><\/td>\n<td><\/td>\n<td><\/td>\n<\/tr>\n<\/tbody>\n<\/table>\n","protected":false},"excerpt":{"rendered":"<p>COCTELES ESPIRITU SALVAJE WHISKY &nbsp; LONG DRINK DE CREMA DE WHISKY SALVAJE Y CAF\u00c9 ESP\u00cdRITU MARTINI OSCURO SALVAJE ESP\u00cdRITU SALVAJE MENTIRAS DE CEREZA ESP\u00cdRITU MARTINI BLANCO<span class=\"excerpt-hellip\"> [\u2026]<\/span><\/p>\n","protected":false},"author":1,"featured_media":0,"parent":0,"menu_order":0,"comment_status":"closed","ping_status":"closed","template":"","meta":{"footnotes":""},"class_list":["post-1245","page","type-page","status-publish","hentry"],"_links":{"self":[{"href":"https:\/\/espiritudelecuador.com.ec\/web\/wp-json\/wp\/v2\/pages\/1245"}],"collection":[{"href":"https:\/\/espiritudelecuador.com.ec\/web\/wp-json\/wp\/v2\/pages"}],"about":[{"href":"https:\/\/espiritudelecuador.com.ec\/web\/wp-json\/wp\/v2\/types\/page"}],"author":[{"embeddable":true,"href":"https:\/\/espiritudelecuador.com.ec\/web\/wp-json\/wp\/v2\/users\/1"}],"replies":[{"embeddable":true,"href":"https:\/\/espiritudelecuador.com.ec\/web\/wp-json\/wp\/v2\/comments?post=1245"}],"version-history":[{"count":25,"href":"https:\/\/espiritudelecuador.com.ec\/web\/wp-json\/wp\/v2\/pages\/1245\/revisions"}],"predecessor-version":[{"id":2006,"href":"https:\/\/espiritudelecuador.com.ec\/web\/wp-json\/wp\/v2\/pages\/1245\/revisions\/2006"}],"wp:attachment":[{"href":"https:\/\/espiritudelecuador.com.ec\/web\/wp-json\/wp\/v2\/media?parent=1245"}],"curies":[{"name":"wp","href":"https:\/\/api.w.org\/{rel}","templated":true}]}}