{"id":1295,"date":"2016-12-06T17:42:14","date_gmt":"2016-12-06T17:42:14","guid":{"rendered":"http:\/\/espiritudelecuador.com.ec\/web\/?page_id=1295"},"modified":"2022-11-04T23:10:46","modified_gmt":"2022-11-04T23:10:46","slug":"espiritu-salta-montes-salvaje","status":"publish","type":"page","link":"https:\/\/espiritudelecuador.com.ec\/web\/cocktails-espiritu-del-ecuador-crema-de-whisky\/espiritu-salta-montes-salvaje\/","title":{"rendered":"Esp\u00edritu Salta Montes Salvaje"},"content":{"rendered":"<h3><strong><img loading=\"lazy\" decoding=\"async\" class=\"alignleft wp-image-1239\" src=\"https:\/\/espiritudelecuador.com.ec\/web\/wp-content\/uploads\/2016\/12\/MG_8906-ALTA-1024x1024.jpg\" alt=\"\" width=\"500\" height=\"500\" srcset=\"https:\/\/espiritudelecuador.com.ec\/web\/wp-content\/uploads\/2016\/12\/MG_8906-ALTA-1024x1024.jpg 1024w, https:\/\/espiritudelecuador.com.ec\/web\/wp-content\/uploads\/2016\/12\/MG_8906-ALTA-150x150.jpg 150w, https:\/\/espiritudelecuador.com.ec\/web\/wp-content\/uploads\/2016\/12\/MG_8906-ALTA-300x300.jpg 300w, https:\/\/espiritudelecuador.com.ec\/web\/wp-content\/uploads\/2016\/12\/MG_8906-ALTA-768x768.jpg 768w\" sizes=\"(max-width:767px) 480px, 500px\" \/><\/strong><\/h3>\n<p style=\"text-align: right;\"><a href=\"https:\/\/espiritudelecuador.com.ec\/web\/cocktails-espiritu-del-ecuador-crema-de-whisky\/\"><span style=\"font-family: arial, helvetica, sans-serif; font-size: 6pt;\"><span style=\"color: #808080;\"><span style=\"color: #be8b2c;\">\u25c4 <\/span><span style=\"color: #808080;\">Cocktails Esp\u00edritu Salvaje<\/span><\/span><\/span><\/a><\/p>\n<h1><span style=\"color: #000000;\">esp\u00edritu del ecuador<\/span><\/h1>\n<h3><\/h3>\n<h3><strong>ESP\u00cdRITU SALTA MONTES SALVAJE<\/strong><\/h3>\n<p>\u2022 1 1\/2 onz. Crema de Whisky Esp\u00edritu Salvaje<br \/>\n\u2022 1 onz. Crema de leche<br \/>\n\u2022 1\/2 onz. Licor de menta<br \/>\n\u2022 Hielo<\/p>\n<p>Colocar Los ingredientes en una coctelera, agitar y servir en una copa coupe, decorar con chocolate en polvo.<\/p>\n","protected":false},"excerpt":{"rendered":"<p>\u25c4 Cocktails Esp\u00edritu Salvaje esp\u00edritu del ecuador ESP\u00cdRITU SALTA MONTES SALVAJE \u2022 1 1\/2 onz. Crema de Whisky Esp\u00edritu Salvaje \u2022 1 onz. Crema de leche<span class=\"excerpt-hellip\"> [\u2026]<\/span><\/p>\n","protected":false},"author":1,"featured_media":0,"parent":1245,"menu_order":0,"comment_status":"closed","ping_status":"closed","template":"","meta":{"footnotes":""},"class_list":["post-1295","page","type-page","status-publish","hentry"],"_links":{"self":[{"href":"https:\/\/espiritudelecuador.com.ec\/web\/wp-json\/wp\/v2\/pages\/1295"}],"collection":[{"href":"https:\/\/espiritudelecuador.com.ec\/web\/wp-json\/wp\/v2\/pages"}],"about":[{"href":"https:\/\/espiritudelecuador.com.ec\/web\/wp-json\/wp\/v2\/types\/page"}],"author":[{"embeddable":true,"href":"https:\/\/espiritudelecuador.com.ec\/web\/wp-json\/wp\/v2\/users\/1"}],"replies":[{"embeddable":true,"href":"https:\/\/espiritudelecuador.com.ec\/web\/wp-json\/wp\/v2\/comments?post=1295"}],"version-history":[{"count":5,"href":"https:\/\/espiritudelecuador.com.ec\/web\/wp-json\/wp\/v2\/pages\/1295\/revisions"}],"predecessor-version":[{"id":2149,"href":"https:\/\/espiritudelecuador.com.ec\/web\/wp-json\/wp\/v2\/pages\/1295\/revisions\/2149"}],"up":[{"embeddable":true,"href":"https:\/\/espiritudelecuador.com.ec\/web\/wp-json\/wp\/v2\/pages\/1245"}],"wp:attachment":[{"href":"https:\/\/espiritudelecuador.com.ec\/web\/wp-json\/wp\/v2\/media?parent=1295"}],"curies":[{"name":"wp","href":"https:\/\/api.w.org\/{rel}","templated":true}]}}