{"id":1402,"date":"2017-12-17T17:29:18","date_gmt":"2017-12-17T17:29:18","guid":{"rendered":"http:\/\/espiritudelecuador.com.ec\/web\/?page_id=1402"},"modified":"2022-11-04T23:12:31","modified_gmt":"2022-11-04T23:12:31","slug":"espiritu-chocolate-the-sunset","status":"publish","type":"page","link":"https:\/\/espiritudelecuador.com.ec\/web\/recetario-espiritu-del-ecuador-chocolate\/espiritu-chocolate-the-sunset\/","title":{"rendered":"Esp\u00edritu Chocolate THE SUNSET"},"content":{"rendered":"<h3><strong><img loading=\"lazy\" decoding=\"async\" class=\"alignleft wp-image-1404 size-full\" src=\"https:\/\/espiritudelecuador.com.ec\/web\/wp-content\/uploads\/2017\/12\/MG_5497-web.jpg\" alt=\"\" width=\"500\" height=\"500\" srcset=\"https:\/\/espiritudelecuador.com.ec\/web\/wp-content\/uploads\/2017\/12\/MG_5497-web.jpg 500w, https:\/\/espiritudelecuador.com.ec\/web\/wp-content\/uploads\/2017\/12\/MG_5497-web-150x150.jpg 150w, https:\/\/espiritudelecuador.com.ec\/web\/wp-content\/uploads\/2017\/12\/MG_5497-web-300x300.jpg 300w\" sizes=\"(max-width:767px) 480px, 500px\" \/><\/strong><\/h3>\n<p style=\"text-align: right;\"><a href=\"https:\/\/espiritudelecuador.com.ec\/web\/recetario-espiritu-del-ecuador-chocolate\/\"><span style=\"font-family: arial, helvetica, sans-serif; font-size: 6pt;\"><span style=\"color: #808080;\"><span style=\"color: #be8b2c;\">\u25c4 <\/span><span style=\"color: #808080;\">Cocktails Esp\u00edritu del Ecuador Chocolate<\/span><\/span><\/span><\/a><\/p>\n<h1><span style=\"color: #000000;\">esp\u00edritu del ecuador<\/span><\/h1>\n<h3><\/h3>\n<h3>ESP\u00cdRITU CHOCOLATE&nbsp;EL ATARDECER<\/h3>\n<p>\u2022&nbsp;2 onz. Crema Esp\u00edritu del Ecuador Chocolate<br \/>\n\u2022&nbsp;1 onz. Jarabe de canela<br \/>\n\u2022&nbsp;1 onz. Tequila<br \/>\n\u2022&nbsp;Hielo<\/p>\n<p>PREPARACI\u00d3N:<\/p>\n<p>Colocar los ingredientes en una coctelera, agitar y servir en un vaso largo con hielo, decorar con una rama de canela.<\/p>\n","protected":false},"excerpt":{"rendered":"<p>\u25c4 Cocktails Esp\u00edritu del Ecuador Chocolate esp\u00edritu del ecuador ESP\u00cdRITU CHOCOLATE&nbsp;EL ATARDECER \u2022&nbsp;2 onz. Crema Esp\u00edritu del Ecuador Chocolate \u2022&nbsp;1 onz. Jarabe de canela \u2022&nbsp;1 onz.<span class=\"excerpt-hellip\"> [\u2026]<\/span><\/p>\n","protected":false},"author":1,"featured_media":0,"parent":1391,"menu_order":0,"comment_status":"closed","ping_status":"closed","template":"","meta":{"footnotes":""},"class_list":["post-1402","page","type-page","status-publish","hentry"],"_links":{"self":[{"href":"https:\/\/espiritudelecuador.com.ec\/web\/wp-json\/wp\/v2\/pages\/1402"}],"collection":[{"href":"https:\/\/espiritudelecuador.com.ec\/web\/wp-json\/wp\/v2\/pages"}],"about":[{"href":"https:\/\/espiritudelecuador.com.ec\/web\/wp-json\/wp\/v2\/types\/page"}],"author":[{"embeddable":true,"href":"https:\/\/espiritudelecuador.com.ec\/web\/wp-json\/wp\/v2\/users\/1"}],"replies":[{"embeddable":true,"href":"https:\/\/espiritudelecuador.com.ec\/web\/wp-json\/wp\/v2\/comments?post=1402"}],"version-history":[{"count":12,"href":"https:\/\/espiritudelecuador.com.ec\/web\/wp-json\/wp\/v2\/pages\/1402\/revisions"}],"predecessor-version":[{"id":2151,"href":"https:\/\/espiritudelecuador.com.ec\/web\/wp-json\/wp\/v2\/pages\/1402\/revisions\/2151"}],"up":[{"embeddable":true,"href":"https:\/\/espiritudelecuador.com.ec\/web\/wp-json\/wp\/v2\/pages\/1391"}],"wp:attachment":[{"href":"https:\/\/espiritudelecuador.com.ec\/web\/wp-json\/wp\/v2\/media?parent=1402"}],"curies":[{"name":"wp","href":"https:\/\/api.w.org\/{rel}","templated":true}]}}