{"id":147,"date":"2014-06-04T21:11:37","date_gmt":"2014-06-04T21:11:37","guid":{"rendered":"http:\/\/espiritudelecuador.com.ec\/web\/?page_id=147"},"modified":"2022-11-04T22:28:46","modified_gmt":"2022-11-04T22:28:46","slug":"espiritu-wild-eyed-rose","status":"publish","type":"page","link":"https:\/\/espiritudelecuador.com.ec\/web\/recetario-espiritu-del-ecuador-2\/espiritu-wild-eyed-rose\/","title":{"rendered":"Espiritu Wild-Eyed-Rose"},"content":{"rendered":"<h3><strong><img loading=\"lazy\" decoding=\"async\" class=\"alignleft wp-image-135\" src=\"https:\/\/espiritudelecuador.com.ec\/web\/wp-content\/uploads\/2014\/06\/ESP\u00cdRITU-WILD-EYED-ROSE-.jpg\" alt=\"ESP\u00cdRITU WILD-EYED-ROSE-\" width=\"500\" height=\"500\" srcset=\"https:\/\/espiritudelecuador.com.ec\/web\/wp-content\/uploads\/2014\/06\/ESP\u00cdRITU-WILD-EYED-ROSE-.jpg 600w, https:\/\/espiritudelecuador.com.ec\/web\/wp-content\/uploads\/2014\/06\/ESP\u00cdRITU-WILD-EYED-ROSE--150x150.jpg 150w, https:\/\/espiritudelecuador.com.ec\/web\/wp-content\/uploads\/2014\/06\/ESP\u00cdRITU-WILD-EYED-ROSE--300x300.jpg 300w\" sizes=\"(max-width:767px) 480px, 500px\" \/><\/strong><\/h3>\n<p style=\"text-align: right;\"><a href=\"https:\/\/espiritudelecuador.com.ec\/web\/recetario-espiritu-del-ecuador\/\"><span style=\"font-family: arial, helvetica, sans-serif; font-size: 6pt;\"><span style=\"color: #808080;\"><span style=\"color: #be8b2c;\">\u25c4<span style=\"color: #808080;\"> <\/span><\/span><span style=\"color: #808080;\">Cocktails Esp\u00edritu del Ecuador<\/span><\/span><\/span><\/a><\/p>\n<h1><span style=\"color: #000000;\">esp\u00edritu del ecuador<\/span><\/h1>\n<h3><\/h3>\n<h3><strong>ESP\u00cdRITU WILD-EYED-ROSE<\/strong><\/h3>\n<p>\u2022 2 1\/2 onz. de Esp\u00edritu del Ecuador<br \/>\n\u2022 1 onz. de Granadina<br \/>\n\u2022 1 cucharada de jugo de lim\u00f3n<br \/>\n\u2022 Agua Mineral<\/p>\n<p>En un vaso de Whisky, vaciar el Esp\u00edritu del Ecuador, la Granadina y el jugo de lim\u00f3n.<br \/>\nA\u00f1adir unos cubitos de hielo, llenar con agua mineral y adornar con una rodaja de lim\u00f3n.<\/p>\n","protected":false},"excerpt":{"rendered":"<p>\u25c4 Cocktails Esp\u00edritu del Ecuador esp\u00edritu del ecuador ESP\u00cdRITU WILD-EYED-ROSE \u2022 2 1\/2 onz. de Esp\u00edritu del Ecuador \u2022 1 onz. de Granadina \u2022 1 cucharada<span class=\"excerpt-hellip\"> [\u2026]<\/span><\/p>\n","protected":false},"author":1,"featured_media":0,"parent":111,"menu_order":0,"comment_status":"closed","ping_status":"closed","template":"","meta":{"footnotes":""},"class_list":["post-147","page","type-page","status-publish","hentry"],"_links":{"self":[{"href":"https:\/\/espiritudelecuador.com.ec\/web\/wp-json\/wp\/v2\/pages\/147"}],"collection":[{"href":"https:\/\/espiritudelecuador.com.ec\/web\/wp-json\/wp\/v2\/pages"}],"about":[{"href":"https:\/\/espiritudelecuador.com.ec\/web\/wp-json\/wp\/v2\/types\/page"}],"author":[{"embeddable":true,"href":"https:\/\/espiritudelecuador.com.ec\/web\/wp-json\/wp\/v2\/users\/1"}],"replies":[{"embeddable":true,"href":"https:\/\/espiritudelecuador.com.ec\/web\/wp-json\/wp\/v2\/comments?post=147"}],"version-history":[{"count":13,"href":"https:\/\/espiritudelecuador.com.ec\/web\/wp-json\/wp\/v2\/pages\/147\/revisions"}],"predecessor-version":[{"id":2105,"href":"https:\/\/espiritudelecuador.com.ec\/web\/wp-json\/wp\/v2\/pages\/147\/revisions\/2105"}],"up":[{"embeddable":true,"href":"https:\/\/espiritudelecuador.com.ec\/web\/wp-json\/wp\/v2\/pages\/111"}],"wp:attachment":[{"href":"https:\/\/espiritudelecuador.com.ec\/web\/wp-json\/wp\/v2\/media?parent=147"}],"curies":[{"name":"wp","href":"https:\/\/api.w.org\/{rel}","templated":true}]}}