{"id":180,"date":"2014-06-04T21:31:42","date_gmt":"2014-06-04T21:31:42","guid":{"rendered":"http:\/\/espiritudelecuador.com.ec\/web\/?page_id=180"},"modified":"2022-11-04T22:32:48","modified_gmt":"2022-11-04T22:32:48","slug":"espiritu-robin","status":"publish","type":"page","link":"https:\/\/espiritudelecuador.com.ec\/web\/recetario-espiritu-del-ecuador-2\/espiritu-robin\/","title":{"rendered":"Espiritu Robin"},"content":{"rendered":"<h3><strong><img loading=\"lazy\" decoding=\"async\" class=\"alignleft wp-image-131\" src=\"https:\/\/espiritudelecuador.com.ec\/web\/wp-content\/uploads\/2014\/06\/ESP\u00cdRITU-ROBIN-.jpg\" alt=\"\" width=\"500\" height=\"500\" srcset=\"https:\/\/espiritudelecuador.com.ec\/web\/wp-content\/uploads\/2014\/06\/ESP\u00cdRITU-ROBIN-.jpg 600w, https:\/\/espiritudelecuador.com.ec\/web\/wp-content\/uploads\/2014\/06\/ESP\u00cdRITU-ROBIN--150x150.jpg 150w, https:\/\/espiritudelecuador.com.ec\/web\/wp-content\/uploads\/2014\/06\/ESP\u00cdRITU-ROBIN--300x300.jpg 300w\" sizes=\"(max-width:767px) 480px, 500px\" \/><\/strong><\/h3>\n<p style=\"text-align: right;\"><a href=\"https:\/\/espiritudelecuador.com.ec\/web\/recetario-espiritu-del-ecuador\/\"><span style=\"font-family: arial, helvetica, sans-serif; font-size: 6pt;\"><span style=\"color: #808080;\"><span style=\"color: #be8b2c;\">\u25c4<span style=\"color: #808080;\"> <\/span><\/span><span style=\"color: #808080;\">Cocktails Esp\u00edritu del Ecuador<\/span><\/span><\/span><\/a><\/p>\n<h1><span style=\"color: #000000;\">esp\u00edritu del ecuador<\/span><\/h1>\n<h3><\/h3>\n<h3><strong>ESP\u00cdRITU ROBIN<\/strong><\/h3>\n<p>\u2022 2 1\/2 onz. de Esp\u00edritu del Ecuador<br \/>\n\u2022 1\/2 onz. de Vermut seco<br \/>\n\u2022 Toque de Granadina<br \/>\n\u2022 Cola Sprite<\/p>\n<p>Agitar bien con hielo frap\u00e9, cernir y servir en un vaso peque\u00f1o lleno de cubitos de hielo y llenar con la cola Sprite. Adornar con una c\u00e1scara de lim\u00f3n.<\/p>\n","protected":false},"excerpt":{"rendered":"<p>\u25c4 Cocktails Esp\u00edritu del Ecuador esp\u00edritu del ecuador ESP\u00cdRITU ROBIN \u2022 2 1\/2 onz. de Esp\u00edritu del Ecuador \u2022 1\/2 onz. de Vermut seco \u2022 Toque<span class=\"excerpt-hellip\"> [\u2026]<\/span><\/p>\n","protected":false},"author":1,"featured_media":0,"parent":111,"menu_order":0,"comment_status":"closed","ping_status":"closed","template":"","meta":{"footnotes":""},"class_list":["post-180","page","type-page","status-publish","hentry"],"_links":{"self":[{"href":"https:\/\/espiritudelecuador.com.ec\/web\/wp-json\/wp\/v2\/pages\/180"}],"collection":[{"href":"https:\/\/espiritudelecuador.com.ec\/web\/wp-json\/wp\/v2\/pages"}],"about":[{"href":"https:\/\/espiritudelecuador.com.ec\/web\/wp-json\/wp\/v2\/types\/page"}],"author":[{"embeddable":true,"href":"https:\/\/espiritudelecuador.com.ec\/web\/wp-json\/wp\/v2\/users\/1"}],"replies":[{"embeddable":true,"href":"https:\/\/espiritudelecuador.com.ec\/web\/wp-json\/wp\/v2\/comments?post=180"}],"version-history":[{"count":8,"href":"https:\/\/espiritudelecuador.com.ec\/web\/wp-json\/wp\/v2\/pages\/180\/revisions"}],"predecessor-version":[{"id":2109,"href":"https:\/\/espiritudelecuador.com.ec\/web\/wp-json\/wp\/v2\/pages\/180\/revisions\/2109"}],"up":[{"embeddable":true,"href":"https:\/\/espiritudelecuador.com.ec\/web\/wp-json\/wp\/v2\/pages\/111"}],"wp:attachment":[{"href":"https:\/\/espiritudelecuador.com.ec\/web\/wp-json\/wp\/v2\/media?parent=180"}],"curies":[{"name":"wp","href":"https:\/\/api.w.org\/{rel}","templated":true}]}}