{"id":205,"date":"2014-06-04T21:42:15","date_gmt":"2014-06-04T21:42:15","guid":{"rendered":"http:\/\/espiritudelecuador.com.ec\/web\/?page_id=205"},"modified":"2022-11-04T22:33:28","modified_gmt":"2022-11-04T22:33:28","slug":"espiritu-robert-burns","status":"publish","type":"page","link":"https:\/\/espiritudelecuador.com.ec\/web\/recetario-espiritu-del-ecuador-2\/espiritu-robert-burns\/","title":{"rendered":"Esp\u00edritu Robert Burns"},"content":{"rendered":"<h3><strong><img loading=\"lazy\" decoding=\"async\" class=\"alignleft wp-image-130\" src=\"https:\/\/espiritudelecuador.com.ec\/web\/wp-content\/uploads\/2014\/06\/ESP\u00cdRITU-ROBERT-BURNS-.jpg\" alt=\"\" width=\"500\" height=\"500\" srcset=\"https:\/\/espiritudelecuador.com.ec\/web\/wp-content\/uploads\/2014\/06\/ESP\u00cdRITU-ROBERT-BURNS-.jpg 600w, https:\/\/espiritudelecuador.com.ec\/web\/wp-content\/uploads\/2014\/06\/ESP\u00cdRITU-ROBERT-BURNS--150x150.jpg 150w, https:\/\/espiritudelecuador.com.ec\/web\/wp-content\/uploads\/2014\/06\/ESP\u00cdRITU-ROBERT-BURNS--300x300.jpg 300w\" sizes=\"(max-width:767px) 480px, 500px\" \/><\/strong><\/h3>\n<p style=\"text-align: right;\"><a href=\"https:\/\/espiritudelecuador.com.ec\/web\/recetario-espiritu-del-ecuador\/\"><span style=\"font-family: arial, helvetica, sans-serif; font-size: 6pt;\"><span style=\"color: #808080;\"><span style=\"color: #be8b2c;\">\u25c4<span style=\"color: #808080;\"> <\/span><\/span><span style=\"color: #808080;\">Cocktails Esp\u00edritu del Ecuador<\/span><\/span><\/span><\/a><\/p>\n<h1><span style=\"color: #000000;\">esp\u00edritu del ecuador<\/span><\/h1>\n<h3><\/h3>\n<h3><strong>ESP\u00cdRITU ROBERT BURNS<\/strong><\/h3>\n<p>\u2022 1 1\/2 onz. de Esp\u00edritu del Ecuador<br \/>\n\u2022 1 onz. de Vermut dulce<br \/>\n\u2022 1 onz. de Vermut seco<br \/>\n\u2022 1 golpe de Benedictine<\/p>\n<p>Agitar fuertemente todos los ingredientes con cubitos de hielo. Cernir y servir en una copa de martini, decorar con una rodaja de naranja.<\/p>\n","protected":false},"excerpt":{"rendered":"<p>\u25c4 Cocktails Esp\u00edritu del Ecuador esp\u00edritu del ecuador ESP\u00cdRITU ROBERT BURNS \u2022 1 1\/2 onz. de Esp\u00edritu del Ecuador \u2022 1 onz. de Vermut dulce \u2022<span class=\"excerpt-hellip\"> [\u2026]<\/span><\/p>\n","protected":false},"author":1,"featured_media":0,"parent":111,"menu_order":0,"comment_status":"closed","ping_status":"closed","template":"","meta":{"footnotes":""},"class_list":["post-205","page","type-page","status-publish","hentry"],"_links":{"self":[{"href":"https:\/\/espiritudelecuador.com.ec\/web\/wp-json\/wp\/v2\/pages\/205"}],"collection":[{"href":"https:\/\/espiritudelecuador.com.ec\/web\/wp-json\/wp\/v2\/pages"}],"about":[{"href":"https:\/\/espiritudelecuador.com.ec\/web\/wp-json\/wp\/v2\/types\/page"}],"author":[{"embeddable":true,"href":"https:\/\/espiritudelecuador.com.ec\/web\/wp-json\/wp\/v2\/users\/1"}],"replies":[{"embeddable":true,"href":"https:\/\/espiritudelecuador.com.ec\/web\/wp-json\/wp\/v2\/comments?post=205"}],"version-history":[{"count":7,"href":"https:\/\/espiritudelecuador.com.ec\/web\/wp-json\/wp\/v2\/pages\/205\/revisions"}],"predecessor-version":[{"id":2110,"href":"https:\/\/espiritudelecuador.com.ec\/web\/wp-json\/wp\/v2\/pages\/205\/revisions\/2110"}],"up":[{"embeddable":true,"href":"https:\/\/espiritudelecuador.com.ec\/web\/wp-json\/wp\/v2\/pages\/111"}],"wp:attachment":[{"href":"https:\/\/espiritudelecuador.com.ec\/web\/wp-json\/wp\/v2\/media?parent=205"}],"curies":[{"name":"wp","href":"https:\/\/api.w.org\/{rel}","templated":true}]}}