{"id":208,"date":"2014-06-04T21:43:30","date_gmt":"2014-06-04T21:43:30","guid":{"rendered":"http:\/\/espiritudelecuador.com.ec\/web\/?page_id=208"},"modified":"2022-11-04T22:35:04","modified_gmt":"2022-11-04T22:35:04","slug":"espiritu-polinesian-collins","status":"publish","type":"page","link":"https:\/\/espiritudelecuador.com.ec\/web\/recetario-espiritu-del-ecuador-2\/espiritu-polinesian-collins\/","title":{"rendered":"Esp\u00edritu Polinesian Collins"},"content":{"rendered":"<h3><strong><img loading=\"lazy\" decoding=\"async\" class=\"alignleft wp-image-128\" src=\"https:\/\/espiritudelecuador.com.ec\/web\/wp-content\/uploads\/2014\/06\/ESP\u00cdRITU-POLINESIAN-COLLINS-.jpg\" alt=\"\" width=\"500\" height=\"500\" srcset=\"https:\/\/espiritudelecuador.com.ec\/web\/wp-content\/uploads\/2014\/06\/ESP\u00cdRITU-POLINESIAN-COLLINS-.jpg 600w, https:\/\/espiritudelecuador.com.ec\/web\/wp-content\/uploads\/2014\/06\/ESP\u00cdRITU-POLINESIAN-COLLINS--150x150.jpg 150w, https:\/\/espiritudelecuador.com.ec\/web\/wp-content\/uploads\/2014\/06\/ESP\u00cdRITU-POLINESIAN-COLLINS--300x300.jpg 300w\" sizes=\"(max-width:767px) 480px, 500px\" \/><\/strong><\/h3>\n<p style=\"text-align: right;\"><a href=\"https:\/\/espiritudelecuador.com.ec\/web\/recetario-espiritu-del-ecuador\/\"><span style=\"font-family: arial, helvetica, sans-serif; font-size: 6pt;\"><span style=\"color: #808080;\"><span style=\"color: #be8b2c;\">\u25c4<span style=\"color: #808080;\"> <\/span><\/span><span style=\"color: #808080;\">Cocktails Esp\u00edritu del Ecuador<\/span><\/span><\/span><\/a><\/p>\n<h1><span style=\"color: #000000;\">esp\u00edritu del ecuador<\/span><\/h1>\n<h3><\/h3>\n<h3><strong>ESP\u00cdRITU POLINESIAN COLLINS<\/strong><\/h3>\n<p>\u2022 2 1\/2 onz. de Esp\u00edritu del Ecuador<br \/>\n\u2022 3 onz. de jugo de pi\u00f1a<br \/>\n\u2022 1 1\/2 onz. de Granadina<br \/>\n\u2022 Jugo de lim\u00f3n<br \/>\n\u2022 Agua mineral<\/p>\n<p>Verter en un vaso alto los cubos de hielo, el jugo de lim\u00f3n, el jugo de pi\u00f1a y la Granadina. Revolver bien, a\u00f1adir Esp\u00edritu del Ecuador y llenar con agua mineral.<\/p>\n","protected":false},"excerpt":{"rendered":"<p>\u25c4 Cocktails Esp\u00edritu del Ecuador esp\u00edritu del ecuador ESP\u00cdRITU POLINESIAN COLLINS \u2022 2 1\/2 onz. de Esp\u00edritu del Ecuador \u2022 3 onz. de jugo de pi\u00f1a<span class=\"excerpt-hellip\"> [\u2026]<\/span><\/p>\n","protected":false},"author":1,"featured_media":0,"parent":111,"menu_order":0,"comment_status":"closed","ping_status":"closed","template":"","meta":{"footnotes":""},"class_list":["post-208","page","type-page","status-publish","hentry"],"_links":{"self":[{"href":"https:\/\/espiritudelecuador.com.ec\/web\/wp-json\/wp\/v2\/pages\/208"}],"collection":[{"href":"https:\/\/espiritudelecuador.com.ec\/web\/wp-json\/wp\/v2\/pages"}],"about":[{"href":"https:\/\/espiritudelecuador.com.ec\/web\/wp-json\/wp\/v2\/types\/page"}],"author":[{"embeddable":true,"href":"https:\/\/espiritudelecuador.com.ec\/web\/wp-json\/wp\/v2\/users\/1"}],"replies":[{"embeddable":true,"href":"https:\/\/espiritudelecuador.com.ec\/web\/wp-json\/wp\/v2\/comments?post=208"}],"version-history":[{"count":8,"href":"https:\/\/espiritudelecuador.com.ec\/web\/wp-json\/wp\/v2\/pages\/208\/revisions"}],"predecessor-version":[{"id":2112,"href":"https:\/\/espiritudelecuador.com.ec\/web\/wp-json\/wp\/v2\/pages\/208\/revisions\/2112"}],"up":[{"embeddable":true,"href":"https:\/\/espiritudelecuador.com.ec\/web\/wp-json\/wp\/v2\/pages\/111"}],"wp:attachment":[{"href":"https:\/\/espiritudelecuador.com.ec\/web\/wp-json\/wp\/v2\/media?parent=208"}],"curies":[{"name":"wp","href":"https:\/\/api.w.org\/{rel}","templated":true}]}}