{"id":436,"date":"2014-07-03T21:17:34","date_gmt":"2014-07-03T21:17:34","guid":{"rendered":"http:\/\/espiritudelecuador.com.ec\/web\/?page_id=436"},"modified":"2022-11-04T23:32:40","modified_gmt":"2022-11-04T23:32:40","slug":"436-2","status":"publish","type":"page","link":"https:\/\/espiritudelecuador.com.ec\/web\/recetario-de-comida\/436-2\/","title":{"rendered":"Flan de Coco &#038; Esp\u00edritu del Ecuador"},"content":{"rendered":"<h3><strong><img loading=\"lazy\" decoding=\"async\" class=\"alignleft wp-image-414 size-full\" src=\"https:\/\/espiritudelecuador.com.ec\/web\/wp-content\/uploads\/2014\/07\/FLAN-DE-COCO-CON-ESPIRITU-DEL-ECUADOR1.jpg\" alt=\"\" width=\"300\" height=\"500\" srcset=\"https:\/\/espiritudelecuador.com.ec\/web\/wp-content\/uploads\/2014\/07\/FLAN-DE-COCO-CON-ESPIRITU-DEL-ECUADOR1.jpg 300w, https:\/\/espiritudelecuador.com.ec\/web\/wp-content\/uploads\/2014\/07\/FLAN-DE-COCO-CON-ESPIRITU-DEL-ECUADOR1-180x300.jpg 180w\" sizes=\"auto, (max-width:767px) 300px, 300px\" \/><\/strong><\/h3>\n<p style=\"text-align: right;\"><a href=\"https:\/\/espiritudelecuador.com.ec\/web\/recetario-de-comida\/\"><span style=\"font-family: arial, helvetica, sans-serif; font-size: 6pt;\"><span style=\"color: #808080;\"><span style=\"color: #be8b2c;\">\u25c4<span style=\"color: #808080;\"> <\/span><\/span><span style=\"color: #808080;\">Gourmet<\/span><\/span><\/span><\/a><\/p>\n<h1><span style=\"color: #000000;\">esp\u00edritu del ecuador<\/span><\/h1>\n<h3><\/h3>\n<h3><strong>FLAN DE COCO &amp; ESP\u00cdRITU DEL ECUADOR<\/strong><\/h3>\n<p style=\"text-align: justify;\"><strong><em>Ingredientes:<\/em><\/strong><\/p>\n<p><em>\u2022 4 huevos \u2022 1 frasco de leche condensada \u2022 2 tazas de leche \u2022 \u00bd taza de Coco \u2022 10 ml de Esp\u00edritu del Ecuador <\/em><\/p>\n<p><strong><em>Para Caramelo:<\/em><\/strong><\/p>\n<p><em>\u2022 1 taza de Az\u00facar<\/em><\/p>\n<p><strong><em>Preparaci\u00f3n:<\/em><\/strong><\/p>\n<p><strong><em>Caramelo: <\/em><\/strong><em>Colocar el az\u00facar en el molde flan a fuego lento hasta que tome un color caramelo. Dejar que enfr\u00ede. <\/em><\/p>\n<p><strong><em>Flan: <\/em><\/strong><em>Licuar todos los ingredientes y colocar sobre el caramelo fr\u00edo. Llevar a horno en Ba\u00f1o Mar\u00eda por 50 minutos a 170\u00ba <\/em><\/p>\n","protected":false},"excerpt":{"rendered":"<p>\u25c4 Gourmet esp\u00edritu del ecuador FLAN DE COCO &amp; ESP\u00cdRITU DEL ECUADOR Ingredientes: \u2022 4 huevos \u2022 1 frasco de leche condensada \u2022 2 tazas de<span class=\"excerpt-hellip\"> [\u2026]<\/span><\/p>\n","protected":false},"author":1,"featured_media":0,"parent":114,"menu_order":0,"comment_status":"closed","ping_status":"closed","template":"","meta":{"footnotes":""},"class_list":["post-436","page","type-page","status-publish","hentry"],"_links":{"self":[{"href":"https:\/\/espiritudelecuador.com.ec\/web\/wp-json\/wp\/v2\/pages\/436","targetHints":{"allow":["GET"]}}],"collection":[{"href":"https:\/\/espiritudelecuador.com.ec\/web\/wp-json\/wp\/v2\/pages"}],"about":[{"href":"https:\/\/espiritudelecuador.com.ec\/web\/wp-json\/wp\/v2\/types\/page"}],"author":[{"embeddable":true,"href":"https:\/\/espiritudelecuador.com.ec\/web\/wp-json\/wp\/v2\/users\/1"}],"replies":[{"embeddable":true,"href":"https:\/\/espiritudelecuador.com.ec\/web\/wp-json\/wp\/v2\/comments?post=436"}],"version-history":[{"count":13,"href":"https:\/\/espiritudelecuador.com.ec\/web\/wp-json\/wp\/v2\/pages\/436\/revisions"}],"predecessor-version":[{"id":2166,"href":"https:\/\/espiritudelecuador.com.ec\/web\/wp-json\/wp\/v2\/pages\/436\/revisions\/2166"}],"up":[{"embeddable":true,"href":"https:\/\/espiritudelecuador.com.ec\/web\/wp-json\/wp\/v2\/pages\/114"}],"wp:attachment":[{"href":"https:\/\/espiritudelecuador.com.ec\/web\/wp-json\/wp\/v2\/media?parent=436"}],"curies":[{"name":"wp","href":"https:\/\/api.w.org\/{rel}","templated":true}]}}