{"id":596,"date":"2014-08-11T18:18:28","date_gmt":"2014-08-11T18:18:28","guid":{"rendered":"http:\/\/espiritudelecuador.com.ec\/web\/?page_id=596"},"modified":"2022-11-04T23:30:08","modified_gmt":"2022-11-04T23:30:08","slug":"torta-navidena","status":"publish","type":"page","link":"https:\/\/espiritudelecuador.com.ec\/web\/recetario-de-comida\/torta-navidena\/","title":{"rendered":"Torta Navide\u00f1a"},"content":{"rendered":"<h3><strong><img loading=\"lazy\" decoding=\"async\" class=\"alignleft wp-image-421 size-full\" src=\"https:\/\/espiritudelecuador.com.ec\/web\/wp-content\/uploads\/2014\/07\/torta_navidena1.jpg\" alt=\"\" width=\"300\" height=\"500\" srcset=\"https:\/\/espiritudelecuador.com.ec\/web\/wp-content\/uploads\/2014\/07\/torta_navidena1.jpg 300w, https:\/\/espiritudelecuador.com.ec\/web\/wp-content\/uploads\/2014\/07\/torta_navidena1-180x300.jpg 180w\" sizes=\"(max-width:767px) 300px, 300px\" \/><\/strong><\/h3>\n<p style=\"text-align: right;\"><a href=\"https:\/\/espiritudelecuador.com.ec\/web\/recetario-de-comida\/\"><span style=\"font-family: arial, helvetica, sans-serif; font-size: 6pt;\"><span style=\"color: #808080;\"><span style=\"color: #be8b2c;\">\u25c4<span style=\"color: #808080;\"> <\/span><\/span><span style=\"color: #808080;\">Gourmet<\/span><\/span><\/span><\/a><\/p>\n<h3><span style=\"color: #000000;\">esp\u00edritu del ecuador<\/span><\/h3>\n<h3>TORTA NAVIDE\u00d1A<\/h3>\n<p><b><i>Ingredientes Para Macerar las Frutas:<\/i><\/b><\/p>\n<p><i>\u2022 200 gr. de frutas confitadas<\/i> \u2022 <i>100 gr. de pasas \u2022 <\/i><i>100 gr. de ciruelas \u2022 <\/i><i>100 gr. de higo \u2022 <\/i><i>100 gr. <\/i><i>d<\/i><i>e guindas \u2022 <\/i><i>100 ml. de Esp\u00edritu del Ecuador<\/i><\/p>\n<p><b><i>Ingredientes para la Torta:<\/i><\/b><\/p>\n<p><i><i>\u2022 <\/i>240 gr. de harina \u2022 <\/i><i>210 gr. de az\u00facar morena \u2022 <\/i><i>240 gr. de mantequilla \u2022 <\/i><i>600 gr. de las frutas maceradas \u2022 <\/i><i>4 huevos \u2022 <\/i><i>100 gr. de <\/i><i>macadamia \u2022 <\/i><i>100 gr. <\/i><i>d<\/i><i>e almendras \u2022 <\/i><i>100 gr. <\/i><i>d<\/i><i>e nueces \u2022 <\/i><i>10 gr. de polvo de hornear \u2022 <\/i><i>60 ml. Licor Esp\u00edritu del Ecuador<\/i><\/p>\n<p style=\"text-align: justify;\"><b>Preparaci\u00f3n de las frutas maceradas:<\/b><\/p>\n<p style=\"text-align: justify;\">Picar todos los ingredientes y colocarlos en un envase de vidrio, a\u00f1adir el Esp\u00edritu del Ecuador y dejar en maceraci\u00f3n por 2 semanas para ser utilizado al momento de preparar la torta.<\/p>\n<p style=\"text-align: justify;\"><b>Preparaci\u00f3n de la Torta:<\/b><\/p>\n<p style=\"text-align: justify;\">Picar la macadamia, almendras y nueces en trozos peque\u00f1os, colocarlos en una olla junto a la mantequilla, el az\u00facar morena y el Esp\u00edritu del Ecuador, llevar todo a cocci\u00f3n hasta que se derrita el az\u00facar, cocinar a fuego lento por 5 minutos m\u00e1s.<\/p>\n<p style=\"text-align: justify;\">Colocar en una batidora los huevos  y batir hasta obtener espuma, juntar las dos preparaciones y mezclar suavemente, tamizar la harina y mezclar con el polvo de hornear, agregar la harina a la preparaci\u00f3n anterior y mezclar suavemente.<\/p>\n<p style=\"text-align: justify;\">Colocar la preparaci\u00f3n en un molde de aluminio previamente engrasado y enharinado, llevar al horno precalentado a 170\u00ba, hornear durante 55 minutos, retirar del horno y dejar enfriar, desmoldar y servir.<\/p>\n","protected":false},"excerpt":{"rendered":"<p>\u25c4 Gourmet esp\u00edritu del ecuador TORTA NAVIDE\u00d1A Ingredientes Para Macerar las Frutas: \u2022 200 gr. de frutas confitadas \u2022 100 gr. de pasas \u2022 100 gr.<span class=\"excerpt-hellip\"> [\u2026]<\/span><\/p>\n","protected":false},"author":1,"featured_media":0,"parent":114,"menu_order":0,"comment_status":"closed","ping_status":"closed","template":"","meta":{"footnotes":""},"class_list":["post-596","page","type-page","status-publish","hentry"],"_links":{"self":[{"href":"https:\/\/espiritudelecuador.com.ec\/web\/wp-json\/wp\/v2\/pages\/596"}],"collection":[{"href":"https:\/\/espiritudelecuador.com.ec\/web\/wp-json\/wp\/v2\/pages"}],"about":[{"href":"https:\/\/espiritudelecuador.com.ec\/web\/wp-json\/wp\/v2\/types\/page"}],"author":[{"embeddable":true,"href":"https:\/\/espiritudelecuador.com.ec\/web\/wp-json\/wp\/v2\/users\/1"}],"replies":[{"embeddable":true,"href":"https:\/\/espiritudelecuador.com.ec\/web\/wp-json\/wp\/v2\/comments?post=596"}],"version-history":[{"count":6,"href":"https:\/\/espiritudelecuador.com.ec\/web\/wp-json\/wp\/v2\/pages\/596\/revisions"}],"predecessor-version":[{"id":2162,"href":"https:\/\/espiritudelecuador.com.ec\/web\/wp-json\/wp\/v2\/pages\/596\/revisions\/2162"}],"up":[{"embeddable":true,"href":"https:\/\/espiritudelecuador.com.ec\/web\/wp-json\/wp\/v2\/pages\/114"}],"wp:attachment":[{"href":"https:\/\/espiritudelecuador.com.ec\/web\/wp-json\/wp\/v2\/media?parent=596"}],"curies":[{"name":"wp","href":"https:\/\/api.w.org\/{rel}","templated":true}]}}